{"id":659,"date":"2023-08-04T08:15:13","date_gmt":"2023-08-04T08:15:13","guid":{"rendered":"https:\/\/www.espaco.md\/rebobinarea-si-taierea-materialelor-rolelor\/"},"modified":"2023-08-08T02:45:06","modified_gmt":"2023-08-08T02:45:06","slug":"rebobinarea-si-taierea-materialelor-rolelor","status":"publish","type":"page","link":"https:\/\/www.espaco.md\/ro\/rebobinarea-si-taierea-materialelor-rolelor\/","title":{"rendered":"Rebobinarea \u0219i t\u0103ierea materialelor rolelor"},"content":{"rendered":"<p>[et_pb_section fb_built=&#8221;1&#8243; _builder_version=&#8221;4.17.6&#8243; _module_preset=&#8221;default&#8221; background_color=&#8221;#9370DB&#8221; use_background_color_gradient=&#8221;on&#8221; background_color_gradient_direction=&#8221;145deg&#8221; background_color_gradient_stops=&#8221;#9370db 0%|#ffa500 99%&#8221; background_enable_image=&#8221;off&#8221; parallax=&#8221;on&#8221; custom_padding=&#8221;4px|||||&#8221; global_colors_info=&#8221;{}&#8221;][et_pb_row column_structure=&#8221;1_2,1_2&#8243; make_equal=&#8221;on&#8221; _builder_version=&#8221;4.17.6&#8243; _module_preset=&#8221;default&#8221; global_colors_info=&#8221;{}&#8221;][et_pb_column type=&#8221;1_2&#8243; _builder_version=&#8221;4.17.6&#8243; _module_preset=&#8221;default&#8221; custom_css_main_element=&#8221;\/* From https:\/\/css.glass *\/||background: rgba(255, 255, 255, 0.2);||border-radius: 16px;||box-shadow: 0 4px 30px rgba(0, 0, 0, 0.1);||backdrop-filter: blur(5px);||-webkit-backdrop-filter: blur(5px);||border: 1px solid rgba(255, 255, 255, 0.3);&#8221; global_colors_info=&#8221;{}&#8221;][et_pb_text _builder_version=&#8221;4.17.6&#8243; _module_preset=&#8221;default&#8221; header_font=&#8221;|800|||||||&#8221; header_text_align=&#8221;center&#8221; header_text_color=&#8221;#FFFFFF&#8221; custom_padding=&#8221;15px|||||&#8221; header_font_size_tablet=&#8221;&#8221; header_font_size_phone=&#8221;24px&#8221; header_font_size_last_edited=&#8221;on|phone&#8221; header_line_height_tablet=&#8221;&#8221; header_line_height_phone=&#8221;1.5em&#8221; header_line_height_last_edited=&#8221;on|phone&#8221; global_colors_info=&#8221;{}&#8221;]<\/p>\n<h1>Rebobinarea \u0219i t\u0103ierea materialelor rolelor<\/h1>\n<p>[\/et_pb_text][et_pb_gallery gallery_ids=&#8221;228,258&#8243; fullwidth=&#8221;on&#8221; admin_label=&#8221;\u0413\u0430\u043b\u0435\u0440\u0435\u044f&#8221; _builder_version=&#8221;4.17.6&#8243; _module_preset=&#8221;default&#8221; pagination_text_color=&#8221;#FFFFFF&#8221; module_alignment=&#8221;center&#8221; global_colors_info=&#8221;{}&#8221;][\/et_pb_gallery][\/et_pb_column][et_pb_column type=&#8221;1_2&#8243; _builder_version=&#8221;4.17.6&#8243; _module_preset=&#8221;default&#8221; custom_css_main_element=&#8221;\/* From https:\/\/css.glass *\/||background: rgba(255, 255, 255, 0.2);||border-radius: 16px;||box-shadow: 0 4px 30px rgba(0, 0, 0, 0.1);||backdrop-filter: blur(5px);||-webkit-backdrop-filter: blur(5px);||border: 1px solid rgba(255, 255, 255, 0.3);&#8221; global_colors_info=&#8221;{}&#8221;][et_pb_text ul_position=&#8221;inside&#8221; ul_item_indent=&#8221;20px&#8221; _builder_version=&#8221;4.17.6&#8243; _module_preset=&#8221;default&#8221; text_text_color=&#8221;#FFFFFF&#8221; link_text_color=&#8221;#9370DB&#8221; ul_font_size=&#8221;18px&#8221; header_font=&#8221;|800||on|||||&#8221; header_text_align=&#8221;center&#8221; header_text_color=&#8221;#61677A&#8221; header_font_size=&#8221;40px&#8221; header_2_font=&#8221;|800|||||||&#8221; header_2_text_align=&#8221;center&#8221; header_2_text_color=&#8221;#000000&#8243; header_2_font_size=&#8221;30px&#8221; custom_padding=&#8221;15px|15px|15px|15px|true|true&#8221; hover_enabled=&#8221;0&#8243; custom_css_main_element=&#8221;.strong {||  font-size: 20px;||}&#8221; locked=&#8221;off&#8221; global_colors_info=&#8221;{}&#8221; sticky_enabled=&#8221;0&#8243;]<\/p>\n<p>ESPACO decupeaz\u0103 materialele role folosind echipamente profesionale. T\u0103ierea materialelor se efectueaz\u0103 \u00een etapa final\u0103 a cre\u0103rii oric\u0103ror produse de imprimare. Materialele de rulare accelereaz\u0103 semnificativ procesul de creare a diverselor produse utilizate \u00een publicitatea vizual\u0103, precum \u0219i \u00een industrie: postere, afi\u0219e, ziare \u0219i reviste. T\u0103ierea materialelor are loc printr-un proces ciclic, \u00een urma c\u0103ruia este posibil s\u0103 se produc\u0103 rapid \u0219i calitativ produse identice \u00een form\u0103.<br \/>Este posibil s\u0103 instala\u021bi diferite formate de t\u0103iere, \u00een func\u021bie de designul produsului final. De regul\u0103, acest proces urmeaz\u0103 \u00een etapa de post-tip\u0103rire, dup\u0103 care materialul finit, care a c\u0103p\u0103tat forma de care are nevoie, poate fi utilizat \u00een scopul propus. Pe l\u00e2ng\u0103 t\u0103ierea materialelor cu role, exist\u0103 un alt serviciu al companiei &#8211; rebobinarea produselor, este un proces tehnologic complex pentru derularea rolelor mari de materiale pentru utilizarea lor ulterioar\u0103 \u00een produc\u021bia de <a href=\"https:\/\/www.espaco.md\/ro\/imprimare-pe-ambalaje-flexibile\/\">ambalaje<\/a>.<\/p>\n<p>[\/et_pb_text][\/et_pb_column][\/et_pb_row][\/et_pb_section]<\/p>\n","protected":false},"excerpt":{"rendered":"<p>Rebobinarea \u0219i t\u0103ierea materialelor rolelorESPACO decupeaz\u0103 materialele role folosind echipamente profesionale. T\u0103ierea materialelor se efectueaz\u0103 \u00een etapa final\u0103 a cre\u0103rii oric\u0103ror produse de imprimare. Materialele de rulare accelereaz\u0103 semnificativ procesul de creare a diverselor produse utilizate \u00een publicitatea vizual\u0103, precum \u0219i \u00een industrie: postere, afi\u0219e, ziare \u0219i reviste. T\u0103ierea materialelor are loc printr-un proces ciclic, [&hellip;]<\/p>\n","protected":false},"author":1,"featured_media":0,"parent":0,"menu_order":0,"comment_status":"closed","ping_status":"closed","template":"","meta":{"_et_pb_use_builder":"on","_et_pb_old_content":"","_et_gb_content_width":"","footnotes":""},"class_list":["post-659","page","type-page","status-publish","hentry"],"_links":{"self":[{"href":"https:\/\/www.espaco.md\/ro\/wp-json\/wp\/v2\/pages\/659","targetHints":{"allow":["GET"]}}],"collection":[{"href":"https:\/\/www.espaco.md\/ro\/wp-json\/wp\/v2\/pages"}],"about":[{"href":"https:\/\/www.espaco.md\/ro\/wp-json\/wp\/v2\/types\/page"}],"author":[{"embeddable":true,"href":"https:\/\/www.espaco.md\/ro\/wp-json\/wp\/v2\/users\/1"}],"replies":[{"embeddable":true,"href":"https:\/\/www.espaco.md\/ro\/wp-json\/wp\/v2\/comments?post=659"}],"version-history":[{"count":3,"href":"https:\/\/www.espaco.md\/ro\/wp-json\/wp\/v2\/pages\/659\/revisions"}],"predecessor-version":[{"id":818,"href":"https:\/\/www.espaco.md\/ro\/wp-json\/wp\/v2\/pages\/659\/revisions\/818"}],"wp:attachment":[{"href":"https:\/\/www.espaco.md\/ro\/wp-json\/wp\/v2\/media?parent=659"}],"curies":[{"name":"wp","href":"https:\/\/api.w.org\/{rel}","templated":true}]}}