{"id":662,"date":"2023-08-04T08:20:15","date_gmt":"2023-08-04T08:20:15","guid":{"rendered":"https:\/\/www.espaco.md\/imprimare-pe-ambalaje-flexibile\/"},"modified":"2023-08-04T08:20:16","modified_gmt":"2023-08-04T08:20:16","slug":"imprimare-pe-ambalaje-flexibile","status":"publish","type":"page","link":"https:\/\/www.espaco.md\/ro\/imprimare-pe-ambalaje-flexibile\/","title":{"rendered":"Imprimare pe ambalaje flexibile"},"content":{"rendered":"<p>[et_pb_section fb_built=&#8221;1&#8243; _builder_version=&#8221;4.17.6&#8243; _module_preset=&#8221;default&#8221; background_color=&#8221;#9370DB&#8221; use_background_color_gradient=&#8221;on&#8221; background_color_gradient_direction=&#8221;145deg&#8221; background_color_gradient_stops=&#8221;#9370db 0%|#ffa500 99%&#8221; background_enable_image=&#8221;off&#8221; parallax=&#8221;on&#8221; custom_padding=&#8221;4px|||||&#8221; global_colors_info=&#8221;{}&#8221;][et_pb_row column_structure=&#8221;1_2,1_2&#8243; make_equal=&#8221;on&#8221; _builder_version=&#8221;4.17.6&#8243; _module_preset=&#8221;default&#8221; global_colors_info=&#8221;{}&#8221;][et_pb_column type=&#8221;1_2&#8243; _builder_version=&#8221;4.17.6&#8243; _module_preset=&#8221;default&#8221; custom_css_main_element=&#8221;\/* From https:\/\/css.glass *\/||background: rgba(255, 255, 255, 0.2);||border-radius: 16px;||box-shadow: 0 4px 30px rgba(0, 0, 0, 0.1);||backdrop-filter: blur(5px);||-webkit-backdrop-filter: blur(5px);||border: 1px solid rgba(255, 255, 255, 0.3);&#8221; global_colors_info=&#8221;{}&#8221;][et_pb_text _builder_version=&#8221;4.17.6&#8243; _module_preset=&#8221;default&#8221; header_font=&#8221;|800|||||||&#8221; header_text_align=&#8221;center&#8221; header_text_color=&#8221;#FFFFFF&#8221; custom_padding=&#8221;15px|||||&#8221; header_font_size_tablet=&#8221;&#8221; header_font_size_phone=&#8221;24px&#8221; header_font_size_last_edited=&#8221;on|phone&#8221; header_line_height_tablet=&#8221;&#8221; header_line_height_phone=&#8221;1.5em&#8221; header_line_height_last_edited=&#8221;on|phone&#8221; global_colors_info=&#8221;{}&#8221;]<\/p>\n<h1>Imprimare pe ambalaje flexibile<\/h1>\n<p>[\/et_pb_text][et_pb_gallery gallery_ids=&#8221;308,437,436,254&#8243; fullwidth=&#8221;on&#8221; admin_label=&#8221;\u0413\u0430\u043b\u0435\u0440\u0435\u044f&#8221; _builder_version=&#8221;4.17.6&#8243; _module_preset=&#8221;default&#8221; pagination_text_color=&#8221;#FFFFFF&#8221; module_alignment=&#8221;center&#8221; hover_enabled=&#8221;0&#8243; global_colors_info=&#8221;{}&#8221; sticky_enabled=&#8221;0&#8243;][\/et_pb_gallery][\/et_pb_column][et_pb_column type=&#8221;1_2&#8243; _builder_version=&#8221;4.17.6&#8243; _module_preset=&#8221;default&#8221; custom_css_main_element=&#8221;\/* From https:\/\/css.glass *\/||background: rgba(255, 255, 255, 0.2);||border-radius: 16px;||box-shadow: 0 4px 30px rgba(0, 0, 0, 0.1);||backdrop-filter: blur(5px);||-webkit-backdrop-filter: blur(5px);||border: 1px solid rgba(255, 255, 255, 0.3);&#8221; global_colors_info=&#8221;{}&#8221;][et_pb_text ul_position=&#8221;inside&#8221; ul_item_indent=&#8221;20px&#8221; _builder_version=&#8221;4.17.6&#8243; _module_preset=&#8221;default&#8221; text_text_color=&#8221;#FFFFFF&#8221; ul_font_size=&#8221;18px&#8221; header_font=&#8221;|800||on|||||&#8221; header_text_align=&#8221;center&#8221; header_text_color=&#8221;#61677A&#8221; header_font_size=&#8221;40px&#8221; header_2_font=&#8221;|800|||||||&#8221; header_2_text_align=&#8221;center&#8221; header_2_text_color=&#8221;#000000&#8243; header_2_font_size=&#8221;30px&#8221; custom_padding=&#8221;15px|15px|15px|15px|true|true&#8221; custom_css_main_element=&#8221;.strong {||  font-size: 20px;||}&#8221; locked=&#8221;off&#8221; global_colors_info=&#8221;{}&#8221;]<\/p>\n<p>Ambalajul flexibil este cea mai bun\u0103 alegere pentru ambalarea produselor de larg consum. Are o form\u0103 puternic\u0103 \u0219i plastic\u0103, ceea ce permite produselor s\u0103 men\u021bin\u0103 o prezentare excelent\u0103 pentru o perioad\u0103 lung\u0103 de timp \u0219i indiferent de circumstan\u021be. \u00cen plus, produsele vor ar\u0103ta atractiv \u00een el, deoarece materialul de ambalare flexibil este conceput pentru a fi imprimat folosind imprimarea flexo, ceea ce permite produc\u0103torilor s\u0103 creeze ambalaje originale, flexibile pentru produse.<\/p>\n<p>[\/et_pb_text][\/et_pb_column][\/et_pb_row][et_pb_row custom_padding_last_edited=&#8221;on|desktop&#8221; _builder_version=&#8221;4.17.6&#8243; _module_preset=&#8221;default&#8221; background_enable_color=&#8221;off&#8221; custom_padding=&#8221;16px|15px||15px|false|true&#8221; custom_padding_tablet=&#8221;16px|15px||15px|false|true&#8221; custom_padding_phone=&#8221;16px|15px||15px|false|true&#8221; custom_css_main_element=&#8221;\/* From https:\/\/css.glass *\/||background: rgba(255, 255, 255, 0.2);||border-radius: 16px;||box-shadow: 0 4px 30px rgba(0, 0, 0, 0.1);||backdrop-filter: blur(5px);||-webkit-backdrop-filter: blur(5px);||border: 1px solid rgba(255, 255, 255, 0.3);&#8221; locked=&#8221;off&#8221; global_colors_info=&#8221;{}&#8221;][et_pb_column type=&#8221;4_4&#8243; _builder_version=&#8221;4.17.6&#8243; _module_preset=&#8221;default&#8221; global_colors_info=&#8221;{}&#8221;][et_pb_text ul_position=&#8221;inside&#8221; ul_item_indent=&#8221;20px&#8221; _builder_version=&#8221;4.17.6&#8243; _module_preset=&#8221;default&#8221; text_text_color=&#8221;#FFFFFF&#8221; ul_font_size=&#8221;18px&#8221; header_font=&#8221;|800||on|||||&#8221; header_text_align=&#8221;center&#8221; header_text_color=&#8221;#FFFFFF&#8221; header_font_size=&#8221;40px&#8221; header_2_font=&#8221;|800|||||||&#8221; header_2_text_align=&#8221;center&#8221; header_2_text_color=&#8221;#FFFFFF&#8221; header_2_font_size=&#8221;30px&#8221; locked=&#8221;off&#8221; global_colors_info=&#8221;{}&#8221;]<\/p>\n<p><span>Ambalajul flexibil al produselor are o greutate redus\u0103, ceea ce \u00eel face o alegere mai preferat\u0103, deoarece clien\u021bii sunt mai dispu\u0219i s\u0103 achizi\u021bioneze produse u\u0219oare dec\u00e2t cei cu ambalare incomod\u0103 \u0219i nerezonabil de grea. Imprimarea str\u0103lucitoare pe ambalaj flexibil ajut\u0103 la atragerea aten\u021biei asupra produsului. Este un instrument ideal pentru crearea unui stil individual de brand. <\/span><\/p>\n<p><span>ESPACO v\u0103 va oferi o gam\u0103 de materiale flexibile de ambalare \u0219i servicii de imprimare. Cea mai des folosit\u0103 &#8211; imprimarea flexo este produs\u0103 pe echipamente moderne de imprimare \u0219i este capabil\u0103 s\u0103 creeze imagini de orice complexitate. Face\u021bi-v\u0103 produsele cu adev\u0103rat originale! Ambalajul este primul lucru cu care cump\u0103r\u0103torul se familiarizeaz\u0103 atunci c\u00e2nd alege un produs.<\/span><\/p>\n<p>[\/et_pb_text][\/et_pb_column][\/et_pb_row][\/et_pb_section]<\/p>\n","protected":false},"excerpt":{"rendered":"<p>Imprimare pe ambalaje flexibileAmbalajul flexibil este cea mai bun\u0103 alegere pentru ambalarea produselor de larg consum. Are o form\u0103 puternic\u0103 \u0219i plastic\u0103, ceea ce permite produselor s\u0103 men\u021bin\u0103 o prezentare excelent\u0103 pentru o perioad\u0103 lung\u0103 de timp \u0219i indiferent de circumstan\u021be. \u00cen plus, produsele vor ar\u0103ta atractiv \u00een el, deoarece materialul de ambalare flexibil este [&hellip;]<\/p>\n","protected":false},"author":1,"featured_media":0,"parent":0,"menu_order":0,"comment_status":"closed","ping_status":"closed","template":"","meta":{"_et_pb_use_builder":"on","_et_pb_old_content":"","_et_gb_content_width":"","footnotes":""},"class_list":["post-662","page","type-page","status-publish","hentry"],"_links":{"self":[{"href":"https:\/\/www.espaco.md\/ro\/wp-json\/wp\/v2\/pages\/662","targetHints":{"allow":["GET"]}}],"collection":[{"href":"https:\/\/www.espaco.md\/ro\/wp-json\/wp\/v2\/pages"}],"about":[{"href":"https:\/\/www.espaco.md\/ro\/wp-json\/wp\/v2\/types\/page"}],"author":[{"embeddable":true,"href":"https:\/\/www.espaco.md\/ro\/wp-json\/wp\/v2\/users\/1"}],"replies":[{"embeddable":true,"href":"https:\/\/www.espaco.md\/ro\/wp-json\/wp\/v2\/comments?post=662"}],"version-history":[{"count":2,"href":"https:\/\/www.espaco.md\/ro\/wp-json\/wp\/v2\/pages\/662\/revisions"}],"predecessor-version":[{"id":664,"href":"https:\/\/www.espaco.md\/ro\/wp-json\/wp\/v2\/pages\/662\/revisions\/664"}],"wp:attachment":[{"href":"https:\/\/www.espaco.md\/ro\/wp-json\/wp\/v2\/media?parent=662"}],"curies":[{"name":"wp","href":"https:\/\/api.w.org\/{rel}","templated":true}]}}