{"id":665,"date":"2023-08-04T08:26:55","date_gmt":"2023-08-04T08:26:55","guid":{"rendered":"https:\/\/www.espaco.md\/platinka-capac-din-aluminiu\/"},"modified":"2023-08-04T08:26:55","modified_gmt":"2023-08-04T08:26:55","slug":"platinka-capac-din-aluminiu","status":"publish","type":"page","link":"https:\/\/www.espaco.md\/ro\/platinka-capac-din-aluminiu\/","title":{"rendered":"Platinka (capac din aluminiu)"},"content":{"rendered":"<p>[et_pb_section fb_built=&#8221;1&#8243; _builder_version=&#8221;4.17.6&#8243; _module_preset=&#8221;default&#8221; background_color=&#8221;#9370DB&#8221; use_background_color_gradient=&#8221;on&#8221; background_color_gradient_direction=&#8221;145deg&#8221; background_color_gradient_stops=&#8221;#9370db 0%|#ffa500 99%&#8221; background_enable_image=&#8221;off&#8221; parallax=&#8221;on&#8221; custom_padding=&#8221;4px|||||&#8221; global_colors_info=&#8221;{}&#8221;][et_pb_row column_structure=&#8221;1_2,1_2&#8243; make_equal=&#8221;on&#8221; _builder_version=&#8221;4.17.6&#8243; _module_preset=&#8221;default&#8221; global_colors_info=&#8221;{}&#8221;][et_pb_column type=&#8221;1_2&#8243; _builder_version=&#8221;4.17.6&#8243; _module_preset=&#8221;default&#8221; custom_css_main_element=&#8221;\/* From https:\/\/css.glass *\/||background: rgba(255, 255, 255, 0.2);||border-radius: 16px;||box-shadow: 0 4px 30px rgba(0, 0, 0, 0.1);||backdrop-filter: blur(5px);||-webkit-backdrop-filter: blur(5px);||border: 1px solid rgba(255, 255, 255, 0.3);&#8221; global_colors_info=&#8221;{}&#8221;][et_pb_text _builder_version=&#8221;4.17.6&#8243; _module_preset=&#8221;default&#8221; header_font=&#8221;|800|||||||&#8221; header_text_align=&#8221;center&#8221; header_text_color=&#8221;#FFFFFF&#8221; custom_padding=&#8221;15px|||||&#8221; header_font_size_tablet=&#8221;&#8221; header_font_size_phone=&#8221;24px&#8221; header_font_size_last_edited=&#8221;on|phone&#8221; header_line_height_tablet=&#8221;&#8221; header_line_height_phone=&#8221;1.5em&#8221; header_line_height_last_edited=&#8221;on|phone&#8221; global_colors_info=&#8221;{}&#8221;]<\/p>\n<h1>Platinka <br \/>(capac din aluminiu)<\/h1>\n<p>[\/et_pb_text][et_pb_gallery gallery_ids=&#8221;450,448,449&#8243; fullwidth=&#8221;on&#8221; admin_label=&#8221;\u0413\u0430\u043b\u0435\u0440\u0435\u044f&#8221; _builder_version=&#8221;4.17.6&#8243; _module_preset=&#8221;default&#8221; pagination_text_color=&#8221;#FFFFFF&#8221; module_alignment=&#8221;center&#8221; hover_enabled=&#8221;0&#8243; global_colors_info=&#8221;{}&#8221; sticky_enabled=&#8221;0&#8243;][\/et_pb_gallery][\/et_pb_column][et_pb_column type=&#8221;1_2&#8243; _builder_version=&#8221;4.17.6&#8243; _module_preset=&#8221;default&#8221; custom_css_main_element=&#8221;\/* From https:\/\/css.glass *\/||background: rgba(255, 255, 255, 0.2);||border-radius: 16px;||box-shadow: 0 4px 30px rgba(0, 0, 0, 0.1);||backdrop-filter: blur(5px);||-webkit-backdrop-filter: blur(5px);||border: 1px solid rgba(255, 255, 255, 0.3);&#8221; global_colors_info=&#8221;{}&#8221;][et_pb_text ul_position=&#8221;inside&#8221; ul_item_indent=&#8221;20px&#8221; _builder_version=&#8221;4.17.6&#8243; _module_preset=&#8221;default&#8221; text_text_color=&#8221;#FFFFFF&#8221; ul_font_size=&#8221;18px&#8221; header_font=&#8221;|800||on|||||&#8221; header_text_align=&#8221;center&#8221; header_text_color=&#8221;#61677A&#8221; header_font_size=&#8221;40px&#8221; header_2_font=&#8221;|800|||||||&#8221; header_2_text_align=&#8221;center&#8221; header_2_text_color=&#8221;#000000&#8243; header_2_font_size=&#8221;30px&#8221; custom_padding=&#8221;15px|15px|15px|15px|true|true&#8221; custom_css_main_element=&#8221;.strong {||  font-size: 20px;||}&#8221; locked=&#8221;off&#8221; global_colors_info=&#8221;{}&#8221;]<\/p>\n<p><span>Espaco SMC ofer\u0103 t\u0103ierea foliei cu lac termic universal \u00een dou\u0103 m\u0103rimi &#8211;<\/span> <u>75,5<\/u> <span>mm \u0219i<\/span> <u>95,5<\/u> <span>mm<\/span><\/p>\n<p><span>Platinka este un capac din folie de aluminiu conceput pentru sigilarea paharelor din plastic cu produse lactate fermentate, supe instant, diverse jeleuri \u0219i alte produse. Cererea mare pentru folie de aluminiu este predeterminat\u0103 de o combina\u021bie de propriet\u0103\u021bi tehnice care ofer\u0103 un avantaj competitiv pentru acest material.<\/span><span><\/span><\/p>\n<p>[\/et_pb_text][\/et_pb_column][\/et_pb_row][et_pb_row custom_padding_last_edited=&#8221;on|desktop&#8221; _builder_version=&#8221;4.17.6&#8243; _module_preset=&#8221;default&#8221; background_enable_color=&#8221;off&#8221; custom_padding=&#8221;16px|15px||15px|false|true&#8221; custom_padding_tablet=&#8221;16px|15px||15px|false|true&#8221; custom_padding_phone=&#8221;16px|15px||15px|false|true&#8221; custom_css_main_element=&#8221;\/* From https:\/\/css.glass *\/||background: rgba(255, 255, 255, 0.2);||border-radius: 16px;||box-shadow: 0 4px 30px rgba(0, 0, 0, 0.1);||backdrop-filter: blur(5px);||-webkit-backdrop-filter: blur(5px);||border: 1px solid rgba(255, 255, 255, 0.3);&#8221; locked=&#8221;off&#8221; global_colors_info=&#8221;{}&#8221;][et_pb_column type=&#8221;4_4&#8243; _builder_version=&#8221;4.17.6&#8243; _module_preset=&#8221;default&#8221; global_colors_info=&#8221;{}&#8221;][et_pb_text ul_position=&#8221;inside&#8221; ul_item_indent=&#8221;20px&#8221; _builder_version=&#8221;4.17.6&#8243; _module_preset=&#8221;default&#8221; text_text_color=&#8221;#FFFFFF&#8221; ul_font_size=&#8221;18px&#8221; header_font=&#8221;|800||on|||||&#8221; header_text_align=&#8221;center&#8221; header_text_color=&#8221;#FFFFFF&#8221; header_font_size=&#8221;40px&#8221; header_2_font=&#8221;|800|||||||&#8221; header_2_text_align=&#8221;center&#8221; header_2_text_color=&#8221;#FFFFFF&#8221; header_2_font_size=&#8221;30px&#8221; locked=&#8221;off&#8221; global_colors_info=&#8221;{}&#8221;]<\/p>\n<p><span><strong>Propriet\u0103\u021bile de barier\u0103<\/strong> care \u00eempiedic\u0103 p\u0103trunderea umidit\u0103\u021bii, uleiurilor, gr\u0103similor, produselor petroliere, a majorit\u0103\u021bii compu\u0219ilor chimici g\u0103si\u021bi \u00een via\u021ba de zi cu zi, a oxizilor, vaporilor \u0219i gazelor, a microorganismelor, a radia\u021biilor luminoase \u0219i ultraviolete, asigur\u0103 p\u0103strarea calit\u0103\u021bii produselor \u0219i excluderea acestora. pierderi.<\/span><\/p>\n<ul>\n<li><span>Igienic &#8211; folia este rezistent\u0103 la produsul ambalat, exclude p\u0103tarea, modific\u0103rile gustului \u0219i mirosului produselor.<\/span><\/li>\n<li><span>Rezisten\u021ba la c\u0103ldur\u0103 \u0219i conductibilitatea termic\u0103 permit tratamentul termic \u0219i sterilizarea produselor, precum \u0219i sigilarea termic\u0103 a ambalajelor.<\/span><\/li>\n<li><span>Opacitatea permite protejarea produsului ambalat de oxidarea gr\u0103similor.<\/span><\/li>\n<li><span>Posibilitatea de reflectare. <\/span><\/li>\n<li><span>Rezisten\u021ba la temperaturi sc\u0103zute ofer\u0103 capacitatea de a stoca produse congelate.<\/span><\/li>\n<li><span>Potrivit pentru reciclare \u0219i folosire repetat\u0103.<\/span><\/li>\n<li><span>Rezisten\u021b\u0103 \u0219i durabilitate.<\/span><\/li>\n<li><span>Compatibilitate cu alimente \u0219i medicamente.<\/span><\/li>\n<\/ul>\n<p><strong>Folie cu lac termic:<\/strong><\/p>\n<ul>\n<li><span>grosime 38 microni \u2022 densitate 107-110 g\/m2<\/span><\/li>\n<\/ul>\n<p>[\/et_pb_text][\/et_pb_column][\/et_pb_row][\/et_pb_section]<\/p>\n","protected":false},"excerpt":{"rendered":"<p>Platinka (capac din aluminiu)Espaco SMC ofer\u0103 t\u0103ierea foliei cu lac termic universal \u00een dou\u0103 m\u0103rimi &#8211; 75,5 mm \u0219i 95,5 mm Platinka este un capac din folie de aluminiu conceput pentru sigilarea paharelor din plastic cu produse lactate fermentate, supe instant, diverse jeleuri \u0219i alte produse. Cererea mare pentru folie de aluminiu este predeterminat\u0103 de [&hellip;]<\/p>\n","protected":false},"author":1,"featured_media":0,"parent":0,"menu_order":0,"comment_status":"closed","ping_status":"closed","template":"","meta":{"_et_pb_use_builder":"on","_et_pb_old_content":"","_et_gb_content_width":"","footnotes":""},"class_list":["post-665","page","type-page","status-publish","hentry"],"_links":{"self":[{"href":"https:\/\/www.espaco.md\/ro\/wp-json\/wp\/v2\/pages\/665","targetHints":{"allow":["GET"]}}],"collection":[{"href":"https:\/\/www.espaco.md\/ro\/wp-json\/wp\/v2\/pages"}],"about":[{"href":"https:\/\/www.espaco.md\/ro\/wp-json\/wp\/v2\/types\/page"}],"author":[{"embeddable":true,"href":"https:\/\/www.espaco.md\/ro\/wp-json\/wp\/v2\/users\/1"}],"replies":[{"embeddable":true,"href":"https:\/\/www.espaco.md\/ro\/wp-json\/wp\/v2\/comments?post=665"}],"version-history":[{"count":2,"href":"https:\/\/www.espaco.md\/ro\/wp-json\/wp\/v2\/pages\/665\/revisions"}],"predecessor-version":[{"id":667,"href":"https:\/\/www.espaco.md\/ro\/wp-json\/wp\/v2\/pages\/665\/revisions\/667"}],"wp:attachment":[{"href":"https:\/\/www.espaco.md\/ro\/wp-json\/wp\/v2\/media?parent=665"}],"curies":[{"name":"wp","href":"https:\/\/api.w.org\/{rel}","templated":true}]}}