{"id":668,"date":"2023-08-04T09:01:44","date_gmt":"2023-08-04T09:01:44","guid":{"rendered":"https:\/\/www.espaco.md\/vanzare\/"},"modified":"2023-08-04T09:01:45","modified_gmt":"2023-08-04T09:01:45","slug":"vanzare","status":"publish","type":"page","link":"https:\/\/www.espaco.md\/ro\/vanzare\/","title":{"rendered":"V\u00e2nzare"},"content":{"rendered":"<p>[et_pb_section fb_built=&#8221;1&#8243; _builder_version=&#8221;4.17.6&#8243; _module_preset=&#8221;default&#8221; background_color=&#8221;#9370DB&#8221; use_background_color_gradient=&#8221;on&#8221; background_color_gradient_direction=&#8221;74deg&#8221; background_color_gradient_stops=&#8221;#9370db 0%|rgba(171, 124, 170, 1) 57%|#ffa500 99%&#8221; background_enable_image=&#8221;off&#8221; parallax=&#8221;on&#8221; custom_padding=&#8221;4px|||||&#8221; background_last_edited=&#8221;on|phone&#8221; use_background_color_gradient_phone=&#8221;on&#8221; background_color_gradient_stops_phone=&#8221;#9370db 0%|#ab7caa 91%|#ffa500 99%&#8221; global_colors_info=&#8221;{}&#8221;][et_pb_row custom_padding_last_edited=&#8221;on|desktop&#8221; _builder_version=&#8221;4.17.6&#8243; _module_preset=&#8221;default&#8221; background_enable_color=&#8221;off&#8221; custom_margin=&#8221;20px||||false|false&#8221; custom_padding=&#8221;16px|15px||15px|false|true&#8221; custom_padding_tablet=&#8221;16px|15px||15px|false|true&#8221; custom_padding_phone=&#8221;16px|15px||15px|false|true&#8221; custom_css_main_element=&#8221;\/* From https:\/\/css.glass *\/||background: rgba(255, 255, 255, 0.2);||border-radius: 16px;||box-shadow: 0 4px 30px rgba(0, 0, 0, 0.1);||backdrop-filter: blur(5px);||-webkit-backdrop-filter: blur(5px);||border: 1px solid rgba(255, 255, 255, 0.3);&#8221; locked=&#8221;off&#8221; global_colors_info=&#8221;{}&#8221;][et_pb_column type=&#8221;4_4&#8243; _builder_version=&#8221;4.17.6&#8243; _module_preset=&#8221;default&#8221; global_colors_info=&#8221;{}&#8221;][et_pb_text ul_position=&#8221;inside&#8221; ul_item_indent=&#8221;20px&#8221; _builder_version=&#8221;4.17.6&#8243; _module_preset=&#8221;default&#8221; text_text_color=&#8221;#FFFFFF&#8221; link_text_color=&#8221;#FFA500&#8243; ul_font_size=&#8221;18px&#8221; header_font=&#8221;|800||on|||||&#8221; header_text_align=&#8221;center&#8221; header_text_color=&#8221;#FFFFFF&#8221; header_font_size=&#8221;40px&#8221; header_2_font=&#8221;|800|||||||&#8221; header_2_text_align=&#8221;center&#8221; header_2_text_color=&#8221;#FFFFFF&#8221; header_2_font_size=&#8221;30px&#8221; hover_enabled=&#8221;0&#8243; header_2_font_size_tablet=&#8221;30px&#8221; header_2_font_size_phone=&#8221;20px&#8221; header_2_font_size_last_edited=&#8221;on|phone&#8221; locked=&#8221;off&#8221; global_colors_info=&#8221;{}&#8221; sticky_enabled=&#8221;0&#8243;]<\/p>\n<h2>Folii PVC, BOPP, CPP, PET<\/h2>\n<p>Mul\u021bi creatori de bunuri exclusive au nevoie de ambalaje originale pentru produsele lor. <strong>ESPACO<\/strong> ofer\u0103 cea mai larg\u0103 selec\u021bie de folii pentru ambalarea produselor de larg consum. Materialul este furnizat de produc\u0103tori europeni precum IneosFilms Klockner \u0219i Pentaplast (Germania), care au o vast\u0103 experien\u021b\u0103 \u00een acest domeniu \u0219i o reputa\u021bie remarcabil\u0103. Ve\u021bi putea alege pelicula potrivit\u0103 pentru culoare, form\u0103 \u0219i, bine\u00een\u021beles, caracteristici practice.<\/p>\n<p><img decoding=\"async\" src=\"\/wp-content\/uploads\/2023\/08\/samokleyushchayasya_plyenka_oracal_germaniya_izobrazhenie.png\" style=\"display: block; margin-left: auto; margin-right: auto;\"><img>Filmele de diferite tipuri sunt un material ideal pentru crearea de ambalaje rezistente la c\u0103ldur\u0103 \u0219i \u00eenghe\u021b pentru produsele din industria alimentar\u0103. Filmul este rezistent la acizi, alcalii, alcooli, grasimi si alte tipuri de substante. Datorit\u0103 acestui fapt, ambalajul bazat pe un astfel de film este capabil s\u0103 p\u0103streze produsele proaspete. \u00cen plus, pelicula creeaz\u0103 un mediu etan\u0219, elimin\u00e2nd formarea condensului, mucegaiului \u0219i a spa\u021biilor libere \u00eentre produse \u0219i ambalaje.<\/p>\n<p>Toate acestea fac posibil\u0103 cre\u0219terea duratei de valabilitate \u0219i a siguran\u021bei alimentelor. Filmul ofer\u0103 m\u0103rfurilor un aspect atractiv \u0219i este, de asemenea, unic prin faptul c\u0103 implic\u0103 posibilitatea de a imprima modele colorate, ceea ce va face <a href=\"https:\/\/www.espaco.md\/ro\/imprimare-pe-ambalaje-flexibile\/\">ambalajul<\/a> cu adev\u0103rat luminos \u0219i interesant.<\/p>\n<p>[\/et_pb_text][\/et_pb_column][\/et_pb_row][et_pb_row custom_padding_last_edited=&#8221;on|desktop&#8221; _builder_version=&#8221;4.17.6&#8243; _module_preset=&#8221;default&#8221; background_enable_color=&#8221;off&#8221; custom_margin=&#8221;20px||||false|false&#8221; custom_padding=&#8221;16px|15px||15px|false|true&#8221; custom_padding_tablet=&#8221;16px|15px||15px|false|true&#8221; custom_padding_phone=&#8221;16px|15px||15px|false|true&#8221; custom_css_main_element=&#8221;\/* From https:\/\/css.glass *\/||background: rgba(255, 255, 255, 0.2);||border-radius: 16px;||box-shadow: 0 4px 30px rgba(0, 0, 0, 0.1);||backdrop-filter: blur(5px);||-webkit-backdrop-filter: blur(5px);||border: 1px solid rgba(255, 255, 255, 0.3);&#8221; locked=&#8221;off&#8221; global_colors_info=&#8221;{}&#8221;][et_pb_column type=&#8221;4_4&#8243; _builder_version=&#8221;4.17.6&#8243; _module_preset=&#8221;default&#8221; global_colors_info=&#8221;{}&#8221;][et_pb_text ul_position=&#8221;inside&#8221; ul_item_indent=&#8221;20px&#8221; _builder_version=&#8221;4.17.6&#8243; _module_preset=&#8221;default&#8221; text_text_color=&#8221;#FFFFFF&#8221; link_text_color=&#8221;#FFA500&#8243; ul_font_size=&#8221;18px&#8221; header_font=&#8221;|800||on|||||&#8221; header_text_align=&#8221;center&#8221; header_text_color=&#8221;#FFFFFF&#8221; header_font_size=&#8221;40px&#8221; header_2_font=&#8221;|800|||||||&#8221; header_2_text_align=&#8221;center&#8221; header_2_text_color=&#8221;#FFFFFF&#8221; header_2_font_size=&#8221;30px&#8221; header_2_font_size_tablet=&#8221;30px&#8221; header_2_font_size_phone=&#8221;20px&#8221; header_2_font_size_last_edited=&#8221;on|phone&#8221; locked=&#8221;off&#8221; global_colors_info=&#8221;{}&#8221;]<\/p>\n<h2>FOLIE ALUMINIU ORICE FORMAT<\/h2>\n<p>ESPACO ofer\u0103 o gam\u0103 larg\u0103 de formate de folie pentru industria ambalajelor de consum. Structura impermeabil\u0103 are multe caracteristici practice care protejeaz\u0103 con\u021binutul pachetului de lumina direct\u0103 a soarelui, ce duce la o modificare a calit\u0103\u021bii alimentelor. \u00cen plus, folia de aluminiu este capabil\u0103 s\u0103 previn\u0103 contactul produselor cu umiditatea \u0219i mirosurile str\u0103ine, ceea ce va proteja gustul \u0219i compozi\u021bia alimentelor.<\/p>\n<p><img decoding=\"async\" src=\"\/wp-content\/uploads\/2023\/08\/Hongdan-Hot-Stamping-Foil.png.webp\" style=\"display: block; margin-left: auto; margin-right: auto;\"><img><\/p>\n<p>Este rezistent la coroziune \u0219i poate men\u021bine prospe\u021bimea \u0219i valoarea nutritiv\u0103 a produselor lactate, a produselor de cofet\u0103rie \u0219i a b\u0103uturilor. Folia de aluminiu \u00een form\u0103 laminat\u0103 este utilizat\u0103 pe scar\u0103 larg\u0103 \u00een ambalarea b\u0103uturilor. Acest lucru confer\u0103 designului sticlei un aspect decorativ excep\u021bional \u0219i promoveaz\u0103 pozi\u021bionarea ridicat\u0103 a produsului.<\/p>\n<p>Astfel, folia de aluminiu, al c\u0103rei pre\u021b va afecta u\u0219or costul ambalajului, poate fi folosit\u0103 pentru identitatea corporativ\u0103 original\u0103 a produselor din industria alimentar\u0103. De asemenea, este logic s\u0103 cump\u0103ra\u021bi folie de aluminiu dac\u0103 ambalajul ar trebui s\u0103 con\u021bin\u0103 desene \u0219i con\u021binut luminos &#8211; acest material este propice aplic\u0103rii oric\u0103ror elemente grafice.<\/p>\n<p>[\/et_pb_text][\/et_pb_column][\/et_pb_row][et_pb_row custom_padding_last_edited=&#8221;on|desktop&#8221; _builder_version=&#8221;4.17.6&#8243; _module_preset=&#8221;default&#8221; background_enable_color=&#8221;off&#8221; custom_margin=&#8221;20px||||false|false&#8221; custom_padding=&#8221;16px|15px||15px|false|true&#8221; custom_padding_tablet=&#8221;16px|15px||15px|false|true&#8221; custom_padding_phone=&#8221;16px|15px||15px|false|true&#8221; custom_css_main_element=&#8221;\/* From https:\/\/css.glass *\/||background: rgba(255, 255, 255, 0.2);||border-radius: 16px;||box-shadow: 0 4px 30px rgba(0, 0, 0, 0.1);||backdrop-filter: blur(5px);||-webkit-backdrop-filter: blur(5px);||border: 1px solid rgba(255, 255, 255, 0.3);&#8221; locked=&#8221;off&#8221; global_colors_info=&#8221;{}&#8221;][et_pb_column type=&#8221;4_4&#8243; _builder_version=&#8221;4.17.6&#8243; _module_preset=&#8221;default&#8221; global_colors_info=&#8221;{}&#8221;][et_pb_text ul_position=&#8221;inside&#8221; ul_item_indent=&#8221;20px&#8221; _builder_version=&#8221;4.17.6&#8243; _module_preset=&#8221;default&#8221; text_text_color=&#8221;#FFFFFF&#8221; link_text_color=&#8221;#FFA500&#8243; ul_font_size=&#8221;18px&#8221; header_font=&#8221;|800||on|||||&#8221; header_text_align=&#8221;center&#8221; header_text_color=&#8221;#FFFFFF&#8221; header_font_size=&#8221;40px&#8221; header_2_font=&#8221;|800|||||||&#8221; header_2_text_align=&#8221;center&#8221; header_2_text_color=&#8221;#FFFFFF&#8221; header_2_font_size=&#8221;30px&#8221; header_2_font_size_tablet=&#8221;30px&#8221; header_2_font_size_phone=&#8221;20px&#8221; header_2_font_size_last_edited=&#8221;on|phone&#8221; locked=&#8221;off&#8221; global_colors_info=&#8221;{}&#8221;]<\/p>\n<h2>VOPSELE RUCO (GERMANIA)<\/h2>\n<p>ESPACO furnizeaz\u0103 vopsele de la RUCO (Germania) &#8211; un produc\u0103tor cu renume mondial. Aten\u021bia dumneavoastr\u0103 este prezentat\u0103 asupra cernelii pentru serigrafie, tampografie, precum \u0219i imprimare termic\u0103, care este cea mai fiabil\u0103 modalitate de aplicare a imaginilor pe \u021bes\u0103turi. Vopseaua, destinat\u0103 diferitelor moduri de desenare a unei imagini, are o rezisten\u021b\u0103 deosebit\u0103 \u0219i propriet\u0103\u021bi fizice \u0219i chimice optime. Este produs f\u0103r\u0103 adaos de elemente otr\u0103vitoare \u0219i toxice, astfel \u00eenc\u00e2t utilizarea sa pentru ambalarea bunurilor de larg consum nu poate fi d\u0103un\u0103toare.<\/p>\n<p>Cernelurile de tampografie pot fi folosite atunci c\u00e2nd desena\u021bi modele pe suprafe\u021be l\u0103cuite, folie PVC, metal, sticl\u0103, poliamid\u0103, policarbonat \u0219i alte tipuri de materiale. La r\u00e2ndul s\u0103u, cerneala de serigrafie este utilizat\u0103 pentru a aplica imagini pe etichete autoadezive, <a href=\"https:\/\/www.espaco.md\/ro\/platinka-capac-din-aluminiu\/\">folii din aluminiu<\/a>, plastic, h\u00e2rtie, carton \u0219i elemente de ambalaj lacuite. Utilizarea cernelurilor RUCO garanteaz\u0103 crearea unor imagini cu adev\u0103rat vibrante, detaliate \u0219i durabile pentru ambalajele industriale.<\/p>\n<p>[\/et_pb_text][\/et_pb_column][\/et_pb_row][\/et_pb_section]<\/p>\n","protected":false},"excerpt":{"rendered":"<p>Folii PVC, BOPP, CPP, PET Mul\u021bi creatori de bunuri exclusive au nevoie de ambalaje originale pentru produsele lor. ESPACO ofer\u0103 cea mai larg\u0103 selec\u021bie de folii pentru ambalarea produselor de larg consum. Materialul este furnizat de produc\u0103tori europeni precum IneosFilms Klockner \u0219i Pentaplast (Germania), care au o vast\u0103 experien\u021b\u0103 \u00een acest domeniu \u0219i o reputa\u021bie [&hellip;]<\/p>\n","protected":false},"author":1,"featured_media":0,"parent":0,"menu_order":0,"comment_status":"closed","ping_status":"closed","template":"","meta":{"_et_pb_use_builder":"on","_et_pb_old_content":"","_et_gb_content_width":"","footnotes":""},"class_list":["post-668","page","type-page","status-publish","hentry"],"_links":{"self":[{"href":"https:\/\/www.espaco.md\/ro\/wp-json\/wp\/v2\/pages\/668","targetHints":{"allow":["GET"]}}],"collection":[{"href":"https:\/\/www.espaco.md\/ro\/wp-json\/wp\/v2\/pages"}],"about":[{"href":"https:\/\/www.espaco.md\/ro\/wp-json\/wp\/v2\/types\/page"}],"author":[{"embeddable":true,"href":"https:\/\/www.espaco.md\/ro\/wp-json\/wp\/v2\/users\/1"}],"replies":[{"embeddable":true,"href":"https:\/\/www.espaco.md\/ro\/wp-json\/wp\/v2\/comments?post=668"}],"version-history":[{"count":2,"href":"https:\/\/www.espaco.md\/ro\/wp-json\/wp\/v2\/pages\/668\/revisions"}],"predecessor-version":[{"id":670,"href":"https:\/\/www.espaco.md\/ro\/wp-json\/wp\/v2\/pages\/668\/revisions\/670"}],"wp:attachment":[{"href":"https:\/\/www.espaco.md\/ro\/wp-json\/wp\/v2\/media?parent=668"}],"curies":[{"name":"wp","href":"https:\/\/api.w.org\/{rel}","templated":true}]}}