{"id":707,"date":"2023-08-04T10:11:58","date_gmt":"2023-08-04T10:11:58","guid":{"rendered":"https:\/\/www.espaco.md\/eticheta-cu-manson\/"},"modified":"2023-08-04T10:11:59","modified_gmt":"2023-08-04T10:11:59","slug":"eticheta-cu-manson","status":"publish","type":"page","link":"https:\/\/www.espaco.md\/ro\/eticheta-cu-manson\/","title":{"rendered":"Etichet\u0103 cu man\u0219on"},"content":{"rendered":"<p>[et_pb_section fb_built=&#8221;1&#8243; _builder_version=&#8221;4.17.6&#8243; _module_preset=&#8221;default&#8221; background_color=&#8221;#9370DB&#8221; use_background_color_gradient=&#8221;on&#8221; background_color_gradient_direction=&#8221;145deg&#8221; background_color_gradient_stops=&#8221;#9370db 0%|#ffa500 99%&#8221; background_enable_image=&#8221;off&#8221; parallax=&#8221;on&#8221; custom_padding=&#8221;4px|||||&#8221; global_colors_info=&#8221;{}&#8221; theme_builder_area=&#8221;post_content&#8221;][et_pb_row column_structure=&#8221;1_2,1_2&#8243; make_equal=&#8221;on&#8221; _builder_version=&#8221;4.17.6&#8243; _module_preset=&#8221;default&#8221; global_colors_info=&#8221;{}&#8221; theme_builder_area=&#8221;post_content&#8221;][et_pb_column type=&#8221;1_2&#8243; _builder_version=&#8221;4.17.6&#8243; _module_preset=&#8221;default&#8221; custom_css_main_element=&#8221;\/* From https:\/\/css.glass *\/||background: rgba(255, 255, 255, 0.2);||border-radius: 16px;||box-shadow: 0 4px 30px rgba(0, 0, 0, 0.1);||backdrop-filter: blur(5px);||-webkit-backdrop-filter: blur(5px);||border: 1px solid rgba(255, 255, 255, 0.3);&#8221; global_colors_info=&#8221;{}&#8221; theme_builder_area=&#8221;post_content&#8221;][et_pb_text _builder_version=&#8221;4.17.6&#8243; _module_preset=&#8221;default&#8221; header_font=&#8221;|800|||||||&#8221; header_text_align=&#8221;center&#8221; header_text_color=&#8221;#FFFFFF&#8221; custom_padding=&#8221;15px|||||&#8221; hover_enabled=&#8221;0&#8243; header_font_size_tablet=&#8221;&#8221; header_font_size_phone=&#8221;24px&#8221; header_font_size_last_edited=&#8221;on|phone&#8221; header_line_height_tablet=&#8221;&#8221; header_line_height_phone=&#8221;1.5em&#8221; header_line_height_last_edited=&#8221;on|phone&#8221; global_colors_info=&#8221;{}&#8221; theme_builder_area=&#8221;post_content&#8221; sticky_enabled=&#8221;0&#8243;]<\/p>\n<h1>Etichet\u0103 cu man\u0219on<\/h1>\n<p>[\/et_pb_text][et_pb_gallery fullwidth=&#8221;on&#8221; admin_label=&#8221;\u0413\u0430\u043b\u0435\u0440\u0435\u044f&#8221; _builder_version=&#8221;4.17.6&#8243; _module_preset=&#8221;default&#8221; pagination_text_color=&#8221;#FFFFFF&#8221; module_alignment=&#8221;center&#8221; global_colors_info=&#8221;{}&#8221; theme_builder_area=&#8221;post_content&#8221; gallery_ids=&#8221;678,682&#8243; hover_enabled=&#8221;0&#8243; sticky_enabled=&#8221;0&#8243;][\/et_pb_gallery][\/et_pb_column][et_pb_column type=&#8221;1_2&#8243; _builder_version=&#8221;4.17.6&#8243; _module_preset=&#8221;default&#8221; custom_css_main_element=&#8221;\/* From https:\/\/css.glass *\/||background: rgba(255, 255, 255, 0.2);||border-radius: 16px;||box-shadow: 0 4px 30px rgba(0, 0, 0, 0.1);||backdrop-filter: blur(5px);||-webkit-backdrop-filter: blur(5px);||border: 1px solid rgba(255, 255, 255, 0.3);&#8221; global_colors_info=&#8221;{}&#8221; theme_builder_area=&#8221;post_content&#8221;][et_pb_text ul_position=&#8221;inside&#8221; ul_item_indent=&#8221;20px&#8221; _builder_version=&#8221;4.17.6&#8243; _module_preset=&#8221;default&#8221; text_text_color=&#8221;#FFFFFF&#8221; ul_font_size=&#8221;18px&#8221; header_font=&#8221;|800||on|||||&#8221; header_text_align=&#8221;center&#8221; header_text_color=&#8221;#61677A&#8221; header_font_size=&#8221;40px&#8221; header_2_font=&#8221;|800|||||||&#8221; header_2_text_align=&#8221;center&#8221; header_2_text_color=&#8221;#000000&#8243; header_2_font_size=&#8221;30px&#8221; custom_padding=&#8221;15px|15px|15px|15px|true|true&#8221; hover_enabled=&#8221;0&#8243; custom_css_main_element=&#8221;.strong {||  font-size: 20px;||}&#8221; locked=&#8221;off&#8221; global_colors_info=&#8221;{}&#8221; theme_builder_area=&#8221;post_content&#8221; sticky_enabled=&#8221;0&#8243;]<\/p>\n<p>Tehnologia de utilizare a etichetelor cu man\u0219on const\u0103 \u00een folosirea unei etichete sub forma unui man\u0219on pliat din diverse pelicule polimerice capabile s\u0103 se mic\u0219oreze la o anumit\u0103 temperatur\u0103 (reducerea dimensiunilor geometrice \u00een principal \u00eentr-o singur\u0103 direc\u021bie). \u00cen procesele de produc\u021bie a unor astfel de filme, acestea sunt supuse unei \u00eentinderi semnificative \u00een direc\u021bia transversal\u0103 \u0219i r\u0103cirii ulterioare, care \u201e\u00eenghea\u021b\u0103\u201d starea deformat\u0103. La \u00eenc\u0103lzirea ulterioar\u0103 a acestor filme, ele prezint\u0103 efectul de \u201ememorie\u201d, adic\u0103 tind s\u0103 revin\u0103 la starea lor ini\u021bial\u0103 neformat\u0103.<\/p>\n<p>\u00cenainte de formarea man\u0219onului, pe suprafa\u021ba filmului se aplic\u0103 un strat imprimat din partea care va deveni interiorul man\u0219onului.<\/p>\n<p>[\/et_pb_text][\/et_pb_column][\/et_pb_row][et_pb_row custom_padding_last_edited=&#8221;on|desktop&#8221; _builder_version=&#8221;4.17.6&#8243; _module_preset=&#8221;default&#8221; background_enable_color=&#8221;off&#8221; custom_padding=&#8221;16px|15px||15px|false|true&#8221; custom_padding_tablet=&#8221;16px|15px||15px|false|true&#8221; custom_padding_phone=&#8221;16px|15px||15px|false|true&#8221; custom_css_main_element=&#8221;\/* From https:\/\/css.glass *\/||background: rgba(255, 255, 255, 0.2);||border-radius: 16px;||box-shadow: 0 4px 30px rgba(0, 0, 0, 0.1);||backdrop-filter: blur(5px);||-webkit-backdrop-filter: blur(5px);||border: 1px solid rgba(255, 255, 255, 0.3);&#8221; locked=&#8221;off&#8221; global_colors_info=&#8221;{}&#8221; theme_builder_area=&#8221;post_content&#8221;][et_pb_column type=&#8221;4_4&#8243; _builder_version=&#8221;4.17.6&#8243; _module_preset=&#8221;default&#8221; global_colors_info=&#8221;{}&#8221; theme_builder_area=&#8221;post_content&#8221;][et_pb_text ul_position=&#8221;inside&#8221; ul_item_indent=&#8221;20px&#8221; _builder_version=&#8221;4.17.6&#8243; _module_preset=&#8221;default&#8221; text_text_color=&#8221;#FFFFFF&#8221; ul_font_size=&#8221;18px&#8221; header_font=&#8221;|800||on|||||&#8221; header_text_align=&#8221;center&#8221; header_text_color=&#8221;#FFFFFF&#8221; header_font_size=&#8221;40px&#8221; header_2_font=&#8221;|800|||||||&#8221; header_2_text_align=&#8221;center&#8221; header_2_text_color=&#8221;#FFFFFF&#8221; header_2_font_size=&#8221;30px&#8221; hover_enabled=&#8221;0&#8243; locked=&#8221;off&#8221; global_colors_info=&#8221;{}&#8221; theme_builder_area=&#8221;post_content&#8221; sticky_enabled=&#8221;0&#8243;]Formarea unui man\u0219on de scurgere dintr-un film termocontractabil cu imprimare artistic\u0103 aplicat\u0103 se realizeaz\u0103 pe ma\u0219ini speciale prin lipirea marginilor foliilor suprapuse. Polimerii sunt lipi\u021bi \u00eempreun\u0103 prin aplicarea solven\u021bilor \u0219i apoi ap\u0103s\u00e2nd marginile care urmeaz\u0103 s\u0103 fie lipite. Deoarece stratul imprimat este situat pe suprafa\u021ba interioar\u0103 a man\u0219onului \u00een timpul lipirii, este protejat de influen\u021bele mecanice externe \u00een etichet\u0103.<\/p>\n<p><img decoding=\"async\" alt=\"\" src=\"https:\/\/www.espaco.md\/wp-content\/uploads\/2023\/08\/ddsvcd.png\"><\/p>\n<p>Unul dintre avantajele tehnologiei de produc\u021bie \u201eman\u0219on\u201d &#8211; etichete este versatilitatea echipamentelor pentru produc\u021bia lor, independent de tipul de material de film. Formarea unui man\u0219on termocontractabil la schimbarea de la un film la altul necesit\u0103 doar o modificare a compozi\u021biei chimice a solventului, care formeaz\u0103 o cus\u0103tur\u0103 adeziv\u0103 longitudinal\u0103.<\/p>\n<p><img decoding=\"async\" alt=\"\" src=\"https:\/\/www.espaco.md\/wp-content\/uploads\/2023\/08\/vdvdv.png\"><\/p>\n<p>La etichetare, o bucat\u0103 din man\u0219onul fabricat de lungimea necesar\u0103 este pus\u0103 pe un recipient (sticl\u0103, cutie etc.) \u0219i plasat\u0103 \u00eentr-o camer\u0103 termic\u0103 sau de abur pentru a implementa procesul de contrac\u021bie.[\/et_pb_text][\/et_pb_column][\/et_pb_row][\/et_pb_section]<\/p>\n","protected":false},"excerpt":{"rendered":"<p>Etichet\u0103 cu man\u0219onTehnologia de utilizare a etichetelor cu man\u0219on const\u0103 \u00een folosirea unei etichete sub forma unui man\u0219on pliat din diverse pelicule polimerice capabile s\u0103 se mic\u0219oreze la o anumit\u0103 temperatur\u0103 (reducerea dimensiunilor geometrice \u00een principal \u00eentr-o singur\u0103 direc\u021bie). \u00cen procesele de produc\u021bie a unor astfel de filme, acestea sunt supuse unei \u00eentinderi semnificative \u00een [&hellip;]<\/p>\n","protected":false},"author":1,"featured_media":0,"parent":0,"menu_order":0,"comment_status":"closed","ping_status":"closed","template":"","meta":{"_et_pb_use_builder":"on","_et_pb_old_content":"","_et_gb_content_width":"","footnotes":""},"class_list":["post-707","page","type-page","status-publish","hentry"],"_links":{"self":[{"href":"https:\/\/www.espaco.md\/ro\/wp-json\/wp\/v2\/pages\/707","targetHints":{"allow":["GET"]}}],"collection":[{"href":"https:\/\/www.espaco.md\/ro\/wp-json\/wp\/v2\/pages"}],"about":[{"href":"https:\/\/www.espaco.md\/ro\/wp-json\/wp\/v2\/types\/page"}],"author":[{"embeddable":true,"href":"https:\/\/www.espaco.md\/ro\/wp-json\/wp\/v2\/users\/1"}],"replies":[{"embeddable":true,"href":"https:\/\/www.espaco.md\/ro\/wp-json\/wp\/v2\/comments?post=707"}],"version-history":[{"count":2,"href":"https:\/\/www.espaco.md\/ro\/wp-json\/wp\/v2\/pages\/707\/revisions"}],"predecessor-version":[{"id":709,"href":"https:\/\/www.espaco.md\/ro\/wp-json\/wp\/v2\/pages\/707\/revisions\/709"}],"wp:attachment":[{"href":"https:\/\/www.espaco.md\/ro\/wp-json\/wp\/v2\/media?parent=707"}],"curies":[{"name":"wp","href":"https:\/\/api.w.org\/{rel}","templated":true}]}}