{"id":710,"date":"2023-08-04T10:13:35","date_gmt":"2023-08-04T10:13:35","guid":{"rendered":"https:\/\/www.espaco.md\/productie-de-ambalaje-blister-pentru-industria-farmaceutica\/"},"modified":"2023-08-04T10:13:36","modified_gmt":"2023-08-04T10:13:36","slug":"productie-de-ambalaje-blister-pentru-industria-farmaceutica","status":"publish","type":"page","link":"https:\/\/www.espaco.md\/ro\/productie-de-ambalaje-blister-pentru-industria-farmaceutica\/","title":{"rendered":"Productie de ambalaje blister pentru industria farmaceutica"},"content":{"rendered":"<p>[et_pb_section fb_built=&#8221;1&#8243; _builder_version=&#8221;4.17.6&#8243; _module_preset=&#8221;default&#8221; custom_padding=&#8221;4px|||||&#8221; global_colors_info=&#8221;{}&#8221; background_color=&#8221;#9370DB&#8221; background_enable_image=&#8221;off&#8221; parallax=&#8221;on&#8221; use_background_color_gradient=&#8221;on&#8221; background_color_gradient_stops=&#8221;#9370db 0%|#ffa500 99%&#8221; background_color_gradient_direction=&#8221;145deg&#8221;][et_pb_row column_structure=&#8221;1_2,1_2&#8243; make_equal=&#8221;on&#8221; _builder_version=&#8221;4.17.6&#8243; _module_preset=&#8221;default&#8221; global_colors_info=&#8221;{}&#8221;][et_pb_column type=&#8221;1_2&#8243; _builder_version=&#8221;4.17.6&#8243; _module_preset=&#8221;default&#8221; custom_css_main_element=&#8221;\/* From https:\/\/css.glass *\/||background: rgba(255, 255, 255, 0.2);||border-radius: 16px;||box-shadow: 0 4px 30px rgba(0, 0, 0, 0.1);||backdrop-filter: blur(5px);||-webkit-backdrop-filter: blur(5px);||border: 1px solid rgba(255, 255, 255, 0.3);&#8221; global_colors_info=&#8221;{}&#8221;][et_pb_text _builder_version=&#8221;4.17.6&#8243; _module_preset=&#8221;default&#8221; header_font=&#8221;|800|||||||&#8221; header_text_align=&#8221;center&#8221; header_text_color=&#8221;#FFFFFF&#8221; custom_padding=&#8221;15px|5px||5px|false|true&#8221; header_font_size_tablet=&#8221;&#8221; header_font_size_phone=&#8221;24px&#8221; header_font_size_last_edited=&#8221;on|phone&#8221; header_line_height_tablet=&#8221;&#8221; header_line_height_phone=&#8221;1.5em&#8221; header_line_height_last_edited=&#8221;on|phone&#8221; global_colors_info=&#8221;{}&#8221;]<\/p>\n<h1>Productie de ambalaje blister pentru industria farmaceutica<\/h1>\n<p>[\/et_pb_text][et_pb_gallery gallery_ids=&#8221;250,323&#8243; fullwidth=&#8221;on&#8221; admin_label=&#8221;\u0413\u0430\u043b\u0435\u0440\u0435\u044f&#8221; _builder_version=&#8221;4.17.6&#8243; _module_preset=&#8221;default&#8221; pagination_text_color=&#8221;#FFFFFF&#8221; module_alignment=&#8221;center&#8221; global_colors_info=&#8221;{}&#8221;][\/et_pb_gallery][\/et_pb_column][et_pb_column type=&#8221;1_2&#8243; _builder_version=&#8221;4.17.6&#8243; _module_preset=&#8221;default&#8221; custom_css_main_element=&#8221;\/* From https:\/\/css.glass *\/||background: rgba(255, 255, 255, 0.2);||border-radius: 16px;||box-shadow: 0 4px 30px rgba(0, 0, 0, 0.1);||backdrop-filter: blur(5px);||-webkit-backdrop-filter: blur(5px);||border: 1px solid rgba(255, 255, 255, 0.3);&#8221; global_colors_info=&#8221;{}&#8221;][et_pb_text ul_position=&#8221;inside&#8221; ul_item_indent=&#8221;20px&#8221; _builder_version=&#8221;4.17.6&#8243; _module_preset=&#8221;default&#8221; text_text_color=&#8221;#FFFFFF&#8221; ul_font_size=&#8221;18px&#8221; header_font=&#8221;|800||on|||||&#8221; header_text_align=&#8221;center&#8221; header_text_color=&#8221;#61677A&#8221; header_font_size=&#8221;40px&#8221; header_2_font=&#8221;|800|||||||&#8221; header_2_text_align=&#8221;center&#8221; header_2_text_color=&#8221;#000000&#8243; header_2_font_size=&#8221;30px&#8221; custom_padding=&#8221;15px|15px|15px|15px|true|true&#8221; custom_css_main_element=&#8221;.strong {||  font-size: 20px;||}&#8221; locked=&#8221;off&#8221; global_colors_info=&#8221;{}&#8221;]<\/p>\n<p>Ambalajul blister este un produs care v\u0103 permite s\u0103 ambala\u021bi \u0219i s\u0103 proteja\u021bi \u00een siguran\u021b\u0103 \u0219i eficient diverse bunuri. Este format dintr-un recipient din plastic transparent, de obicei realizat din PVC, PET sau alte materiale termoplastice, \u0219i o folie de acoperire din aluminiu sau alte materiale compozite.<\/p>\n<p>Produc\u021bia de ambalaje blister include mai multe etape. \u00cen primul r\u00e2nd, este creat un design de ambalare, care determin\u0103 forma, dimensiunea \u0219i aranjarea celulelor pentru bunurile din interiorul blisterului. Se folosesc apoi matri\u021be \u0219i matri\u021be speciale pentru a t\u0103ia \u00eenveli\u0219ul blisterului din materialul din foaie.<\/p>\n<p>\u00cen etapa urm\u0103toare, produsele sunt plasate \u00een celulele corespunz\u0103toare ale blisterului. Dup\u0103 aceea, se aplic\u0103 o pelicul\u0103 de \u00eenchidere, care sigileaz\u0103 ermetic ambalajul \u0219i protejeaz\u0103 con\u021binutul de umiditate, praf \u0219i deterior\u0103ri mecanice.<\/p>\n<p>[\/et_pb_text][\/et_pb_column][\/et_pb_row][et_pb_row custom_padding_last_edited=&#8221;on|desktop&#8221; _builder_version=&#8221;4.17.6&#8243; _module_preset=&#8221;default&#8221; background_enable_color=&#8221;off&#8221; custom_padding=&#8221;16px|15px||15px|false|true&#8221; custom_padding_tablet=&#8221;16px|15px||15px|false|true&#8221; custom_padding_phone=&#8221;16px|15px||15px|false|true&#8221; custom_css_main_element=&#8221;\/* From https:\/\/css.glass *\/||background: rgba(255, 255, 255, 0.2);||border-radius: 16px;||box-shadow: 0 4px 30px rgba(0, 0, 0, 0.1);||backdrop-filter: blur(5px);||-webkit-backdrop-filter: blur(5px);||border: 1px solid rgba(255, 255, 255, 0.3);&#8221; locked=&#8221;off&#8221; global_colors_info=&#8221;{}&#8221;][et_pb_column type=&#8221;4_4&#8243; _builder_version=&#8221;4.17.6&#8243; _module_preset=&#8221;default&#8221; global_colors_info=&#8221;{}&#8221;][et_pb_text ul_position=&#8221;inside&#8221; ul_item_indent=&#8221;20px&#8221; _builder_version=&#8221;4.17.6&#8243; _module_preset=&#8221;default&#8221; text_text_color=&#8221;#FFFFFF&#8221; ul_font_size=&#8221;18px&#8221; header_font=&#8221;|800||on|||||&#8221; header_text_align=&#8221;center&#8221; header_text_color=&#8221;#FFFFFF&#8221; header_font_size=&#8221;40px&#8221; header_2_font=&#8221;|800|||||||&#8221; header_2_text_align=&#8221;center&#8221; header_2_text_color=&#8221;#FFFFFF&#8221; header_2_font_size=&#8221;30px&#8221; locked=&#8221;off&#8221; global_colors_info=&#8221;{}&#8221;]<\/p>\n<p>Dup\u0103 ce ambalarea este finalizat\u0103, blisterele pot fi ambalate \u00een cutii mari de carton pentru transport \u0219i depozitare ulterioar\u0103. Fiecare pas din procesul de produc\u021bie este realizat cu un grad ridicat de automatizare \u0219i control al calit\u0103\u021bii pentru a se asigura c\u0103 ambalarea m\u0103rfurilor este fiabil\u0103 \u0219i sigur\u0103.<\/p>\n<p>Ambalajele blistere sunt utilizate pe scar\u0103 larg\u0103 \u00een diverse industrii, cum ar fi farmaceutic\u0103, prelucrarea alimentelor, electronice \u0219i multe altele, datorit\u0103 rezisten\u021bei, confortului \u0219i capacit\u0103\u021bii de a oferi consumatorilor o idee clar\u0103 despre produs.<\/p>\n<p>[\/et_pb_text][\/et_pb_column][\/et_pb_row][\/et_pb_section]<\/p>\n","protected":false},"excerpt":{"rendered":"<p>Productie de ambalaje blister pentru industria farmaceuticaAmbalajul blister este un produs care v\u0103 permite s\u0103 ambala\u021bi \u0219i s\u0103 proteja\u021bi \u00een siguran\u021b\u0103 \u0219i eficient diverse bunuri. Este format dintr-un recipient din plastic transparent, de obicei realizat din PVC, PET sau alte materiale termoplastice, \u0219i o folie de acoperire din aluminiu sau alte materiale compozite. Produc\u021bia de [&hellip;]<\/p>\n","protected":false},"author":1,"featured_media":0,"parent":0,"menu_order":0,"comment_status":"closed","ping_status":"closed","template":"","meta":{"_et_pb_use_builder":"on","_et_pb_old_content":"","_et_gb_content_width":"","footnotes":""},"class_list":["post-710","page","type-page","status-publish","hentry"],"_links":{"self":[{"href":"https:\/\/www.espaco.md\/ro\/wp-json\/wp\/v2\/pages\/710","targetHints":{"allow":["GET"]}}],"collection":[{"href":"https:\/\/www.espaco.md\/ro\/wp-json\/wp\/v2\/pages"}],"about":[{"href":"https:\/\/www.espaco.md\/ro\/wp-json\/wp\/v2\/types\/page"}],"author":[{"embeddable":true,"href":"https:\/\/www.espaco.md\/ro\/wp-json\/wp\/v2\/users\/1"}],"replies":[{"embeddable":true,"href":"https:\/\/www.espaco.md\/ro\/wp-json\/wp\/v2\/comments?post=710"}],"version-history":[{"count":2,"href":"https:\/\/www.espaco.md\/ro\/wp-json\/wp\/v2\/pages\/710\/revisions"}],"predecessor-version":[{"id":712,"href":"https:\/\/www.espaco.md\/ro\/wp-json\/wp\/v2\/pages\/710\/revisions\/712"}],"wp:attachment":[{"href":"https:\/\/www.espaco.md\/ro\/wp-json\/wp\/v2\/media?parent=710"}],"curies":[{"name":"wp","href":"https:\/\/api.w.org\/{rel}","templated":true}]}}