{"id":716,"date":"2023-08-04T10:19:24","date_gmt":"2023-08-04T10:19:24","guid":{"rendered":"https:\/\/www.espaco.md\/capacele-termocontractabile\/"},"modified":"2023-08-29T09:02:46","modified_gmt":"2023-08-29T09:02:46","slug":"capacele-termocontractabile","status":"publish","type":"page","link":"https:\/\/www.espaco.md\/ro\/capacele-termocontractabile\/","title":{"rendered":"Capacele termocontractabile"},"content":{"rendered":"<p>[et_pb_section fb_built=&#8221;1&#8243; _builder_version=&#8221;4.17.6&#8243; _module_preset=&#8221;default&#8221; background_color=&#8221;#9370DB&#8221; use_background_color_gradient=&#8221;on&#8221; background_color_gradient_direction=&#8221;145deg&#8221; background_color_gradient_stops=&#8221;#9370db 0%|#ffa500 99%&#8221; background_enable_image=&#8221;off&#8221; parallax=&#8221;on&#8221; custom_padding=&#8221;4px|||||&#8221; global_colors_info=&#8221;{}&#8221;][et_pb_row column_structure=&#8221;1_2,1_2&#8243; make_equal=&#8221;on&#8221; _builder_version=&#8221;4.17.6&#8243; _module_preset=&#8221;default&#8221; global_colors_info=&#8221;{}&#8221;][et_pb_column type=&#8221;1_2&#8243; _builder_version=&#8221;4.17.6&#8243; _module_preset=&#8221;default&#8221; custom_css_main_element=&#8221;\/* From https:\/\/css.glass *\/||background: rgba(255, 255, 255, 0.2);||border-radius: 16px;||box-shadow: 0 4px 30px rgba(0, 0, 0, 0.1);||backdrop-filter: blur(5px);||-webkit-backdrop-filter: blur(5px);||border: 1px solid rgba(255, 255, 255, 0.3);&#8221; global_colors_info=&#8221;{}&#8221;][et_pb_text _builder_version=&#8221;4.17.6&#8243; _module_preset=&#8221;default&#8221; header_font=&#8221;|800|||||||&#8221; header_text_align=&#8221;center&#8221; header_text_color=&#8221;#FFFFFF&#8221; custom_padding=&#8221;15px|||||&#8221; header_font_size_tablet=&#8221;&#8221; header_font_size_phone=&#8221;24px&#8221; header_font_size_last_edited=&#8221;on|phone&#8221; header_line_height_tablet=&#8221;&#8221; header_line_height_phone=&#8221;1.5em&#8221; header_line_height_last_edited=&#8221;on|phone&#8221; global_colors_info=&#8221;{}&#8221;]<\/p>\n<h1>Capacele termocontractabile<\/h1>\n<p>[\/et_pb_text][et_pb_gallery gallery_ids=&#8221;208,221,220&#8243; fullwidth=&#8221;on&#8221; admin_label=&#8221;\u0413\u0430\u043b\u0435\u0440\u0435\u044f&#8221; _builder_version=&#8221;4.17.6&#8243; _module_preset=&#8221;default&#8221; pagination_text_color=&#8221;#FFFFFF&#8221; module_alignment=&#8221;center&#8221; global_colors_info=&#8221;{}&#8221;][\/et_pb_gallery][\/et_pb_column][et_pb_column type=&#8221;1_2&#8243; _builder_version=&#8221;4.17.6&#8243; _module_preset=&#8221;default&#8221; custom_css_main_element=&#8221;\/* From https:\/\/css.glass *\/||background: rgba(255, 255, 255, 0.2);||border-radius: 16px;||box-shadow: 0 4px 30px rgba(0, 0, 0, 0.1);||backdrop-filter: blur(5px);||-webkit-backdrop-filter: blur(5px);||border: 1px solid rgba(255, 255, 255, 0.3);&#8221; global_colors_info=&#8221;{}&#8221;][et_pb_text ul_position=&#8221;inside&#8221; ul_item_indent=&#8221;20px&#8221; _builder_version=&#8221;4.17.6&#8243; _module_preset=&#8221;default&#8221; text_text_color=&#8221;#FFFFFF&#8221; ul_font_size=&#8221;18px&#8221; header_font=&#8221;|800||on|||||&#8221; header_text_align=&#8221;center&#8221; header_text_color=&#8221;#61677A&#8221; header_font_size=&#8221;40px&#8221; header_2_font=&#8221;|800|||||||&#8221; header_2_text_align=&#8221;center&#8221; header_2_text_color=&#8221;#000000&#8243; header_2_font_size=&#8221;30px&#8221; custom_padding=&#8221;15px|15px|15px|15px|true|true&#8221; custom_css_main_element=&#8221;.strong {||  font-size: 20px;||}&#8221; locked=&#8221;off&#8221; global_colors_info=&#8221;{}&#8221;]<\/p>\n<p>Capacul termocontractabil este un element esen\u021bial al produselor moderne de \u00eenalt\u0103 calitate. Serve\u0219te at\u00e2t pentru a crea imaginea produsului, \u00eembun\u0103t\u0103\u021bind aspectul sticlei, c\u00e2t \u0219i pentru protec\u021bie. Prezen\u021ba acestui element de ambalaj ofer\u0103 o oportunitate suplimentar\u0103 de a controla deschiderea \u0219i de a confirma originalitatea produsului.<\/p>\n<p>Compania noastra produce capace termocontractabile pentru sticle de diferite culori din folie PVC de la producatori europeni de top folosind cele mai bune echipamente din import, ceea ce face posibila obtinerea unui capac termocontractabil de orice complexitate.<\/p>\n<p>Producem capace termocontractabile cu sau fara disc superior din folie de aluminiu, folie PVC. Logo-ul dumneavoastr\u0103 poate fi imprimat pe discul de sus. Dispozitivul acestei piese de ambalare poate fi decorat cu \u0219tan\u021bare la cald cu logo-ul dumneavoastr\u0103. Pentru confortul scoaterii acestei p\u0103r\u021bi din sticl\u0103, se aplic\u0103 o band\u0103 orizontal\u0103 sau vertical\u0103 perforat\u0103 sau deta\u0219at\u0103.<\/p>\n<p>[\/et_pb_text][\/et_pb_column][\/et_pb_row][et_pb_row custom_padding_last_edited=&#8221;on|desktop&#8221; _builder_version=&#8221;4.17.6&#8243; _module_preset=&#8221;default&#8221; background_enable_color=&#8221;off&#8221; custom_padding=&#8221;16px|15px||15px|false|true&#8221; custom_padding_tablet=&#8221;16px|15px||15px|false|true&#8221; custom_padding_phone=&#8221;16px|15px||15px|false|true&#8221; custom_css_main_element=&#8221;\/* From https:\/\/css.glass *\/||background: rgba(255, 255, 255, 0.2);||border-radius: 16px;||box-shadow: 0 4px 30px rgba(0, 0, 0, 0.1);||backdrop-filter: blur(5px);||-webkit-backdrop-filter: blur(5px);||border: 1px solid rgba(255, 255, 255, 0.3);&#8221; locked=&#8221;off&#8221; global_colors_info=&#8221;{}&#8221;][et_pb_column type=&#8221;4_4&#8243; _builder_version=&#8221;4.17.6&#8243; _module_preset=&#8221;default&#8221; global_colors_info=&#8221;{}&#8221;][et_pb_text ul_position=&#8221;inside&#8221; ul_item_indent=&#8221;20px&#8221; _builder_version=&#8221;4.22.1&#8243; _module_preset=&#8221;default&#8221; text_text_color=&#8221;#FFFFFF&#8221; ul_font_size=&#8221;18px&#8221; header_font=&#8221;|800||on|||||&#8221; header_text_align=&#8221;center&#8221; header_text_color=&#8221;#FFFFFF&#8221; header_font_size=&#8221;40px&#8221; header_2_font=&#8221;|800|||||||&#8221; header_2_text_align=&#8221;center&#8221; header_2_text_color=&#8221;#FFFFFF&#8221; header_2_font_size=&#8221;30px&#8221; hover_enabled=&#8221;0&#8243; locked=&#8221;off&#8221; global_colors_info=&#8221;{}&#8221; sticky_enabled=&#8221;0&#8243;]<\/p>\n<h2 style=\"text-align: center;\"><strong class=\"strong\"><span>Aplica\u021bie<\/span><img decoding=\"async\" alt=\"Capace termoretractabile Capacele termocontractibile sunt parte integrant\u0103 a produselor moderne de \u00eenalt\u0103 calitate.\" src=\"https:\/\/www.espaco.md\/wp-content\/uploads\/2023\/08\/termousad-kolpak-min.png\"><\/strong><\/h2>\n<p style=\"text-align: center;\"><strong>Decorarea sticlei:<\/strong><\/p>\n<p style=\"text-align: center;\"><strong>\u2022 Vin \u2022 Vodc\u0103 \u2022 Coniac<\/strong><\/p>\n<p>[\/et_pb_text][\/et_pb_column][\/et_pb_row][\/et_pb_section]<\/p>\n","protected":false},"excerpt":{"rendered":"<p>Capacele termocontractabileCapacul termocontractabil este un element esen\u021bial al produselor moderne de \u00eenalt\u0103 calitate. Serve\u0219te at\u00e2t pentru a crea imaginea produsului, \u00eembun\u0103t\u0103\u021bind aspectul sticlei, c\u00e2t \u0219i pentru protec\u021bie. Prezen\u021ba acestui element de ambalaj ofer\u0103 o oportunitate suplimentar\u0103 de a controla deschiderea \u0219i de a confirma originalitatea produsului. Compania noastra produce capace termocontractabile pentru sticle de diferite [&hellip;]<\/p>\n","protected":false},"author":1,"featured_media":0,"parent":0,"menu_order":0,"comment_status":"closed","ping_status":"closed","template":"","meta":{"_et_pb_use_builder":"on","_et_pb_old_content":"","_et_gb_content_width":"","footnotes":""},"class_list":["post-716","page","type-page","status-publish","hentry"],"_links":{"self":[{"href":"https:\/\/www.espaco.md\/ro\/wp-json\/wp\/v2\/pages\/716","targetHints":{"allow":["GET"]}}],"collection":[{"href":"https:\/\/www.espaco.md\/ro\/wp-json\/wp\/v2\/pages"}],"about":[{"href":"https:\/\/www.espaco.md\/ro\/wp-json\/wp\/v2\/types\/page"}],"author":[{"embeddable":true,"href":"https:\/\/www.espaco.md\/ro\/wp-json\/wp\/v2\/users\/1"}],"replies":[{"embeddable":true,"href":"https:\/\/www.espaco.md\/ro\/wp-json\/wp\/v2\/comments?post=716"}],"version-history":[{"count":4,"href":"https:\/\/www.espaco.md\/ro\/wp-json\/wp\/v2\/pages\/716\/revisions"}],"predecessor-version":[{"id":884,"href":"https:\/\/www.espaco.md\/ro\/wp-json\/wp\/v2\/pages\/716\/revisions\/884"}],"wp:attachment":[{"href":"https:\/\/www.espaco.md\/ro\/wp-json\/wp\/v2\/media?parent=716"}],"curies":[{"name":"wp","href":"https:\/\/api.w.org\/{rel}","templated":true}]}}